{"id":9,"date":"2022-02-25T08:06:42","date_gmt":"2022-02-25T07:06:42","guid":{"rendered":"http:\/\/apiyo.ch\/?page_id=9"},"modified":"2022-03-30T13:57:30","modified_gmt":"2022-03-30T12:57:30","slug":"home","status":"publish","type":"page","link":"https:\/\/apiyo.ch\/en\/","title":{"rendered":"Home"},"content":{"rendered":"<section class=\"wpb-content-wrapper\"><div data-parent=\"true\" class=\"vc_row row-container\" id=\"row-unique-0\"><div class=\"row limit-width row-parent\"><div class=\"wpb_row row-inner\"><div class=\"wpb_column pos-top pos-center align_left column_parent col-lg-12 single-internal-gutter\"><div class=\"uncol style-light\"  ><div class=\"uncoltable\"><div class=\"uncell no-block-padding\" ><div class=\"uncont\"><div class=\"empty-space empty-half\" ><span class=\"empty-space-inner\"><\/span><\/div>\n<\/div><\/div><\/div><\/div><\/div><script id=\"script-row-unique-0\" data-row=\"script-row-unique-0\" type=\"text\/javascript\" class=\"vc_controls\">UNCODE.initRow(document.getElementById(\"row-unique-0\"));<\/script><\/div><\/div><\/div><div data-parent=\"true\" class=\"vc_row row-container\" id=\"row-unique-1\"><div class=\"row limit-width row-parent\"><div class=\"wpb_row row-inner\"><div class=\"wpb_column pos-top pos-center align_left column_parent col-lg-3 single-internal-gutter\"><div class=\"uncol style-light\"  ><div class=\"uncoltable\"><div class=\"uncell no-block-padding\" ><div class=\"uncont\"><div class=\"uncode-single-media  text-left\"><div class=\"single-wrapper\" style=\"max-width: 80%;\"><div class=\"tmb tmb-light  img-round tmb-shadowed tmb-shadowed-std tmb-media-first tmb-media-last tmb-content-overlay tmb-no-bg\"><div class=\"t-inside\"><div class=\"t-entry-visual\"><div class=\"t-entry-visual-tc\"><div class=\"uncode-single-media-wrapper img-round\"><img decoding=\"async\" class=\"wp-image-69\" src=\"https:\/\/apiyo.ch\/wp-content\/uploads\/2022\/02\/apiyo-amolo-16.jpg\" width=\"532\" height=\"800\" alt=\"\" srcset=\"https:\/\/apiyo.ch\/wp-content\/uploads\/2022\/02\/apiyo-amolo-16.jpg 532w, https:\/\/apiyo.ch\/wp-content\/uploads\/2022\/02\/apiyo-amolo-16-200x300.jpg 200w\" sizes=\"(max-width: 532px) 100vw, 532px\" \/><\/div>\n\t\t\t\t\t<\/div>\n\t\t\t\t<\/div><\/div><\/div><\/div><\/div><\/div><\/div><\/div><\/div><\/div><div class=\"wpb_column pos-top pos-center align_left column_parent col-lg-6 single-internal-gutter\"><div class=\"uncol style-light\"  ><div class=\"uncoltable\"><div class=\"uncell no-block-padding\" ><div class=\"uncont\"><div class=\"uncode_text_column text-lead\" ><p>I am an award-winning artist with a passion for mixing feminism, art and activism =<strong>Femme-Artivist<\/strong>, which landed me in politics.<\/p>\n<\/div><span class=\"btn-container animate_when_almost_visible alpha-anim\" ><a href=\"http:\/\/apiyo.ch\/en\/kontakt\/uber-mich\/\" class=\"custom-link btn border-width-0 btn-color-150309 btn-round btn-icon-left btn-ripple-in btn-border-animated\" title=\"About me\">About me<\/a><\/span><\/div><\/div><\/div><\/div><\/div><div class=\"wpb_column pos-top pos-center align_left column_parent col-lg-3 single-internal-gutter\"><div class=\"uncol style-light\"  ><div class=\"uncoltable\"><div class=\"uncell no-block-padding\" ><div class=\"uncont\"><\/div><\/div><\/div><\/div><\/div><script id=\"script-row-unique-1\" data-row=\"script-row-unique-1\" type=\"text\/javascript\" class=\"vc_controls\">UNCODE.initRow(document.getElementById(\"row-unique-1\"));<\/script><\/div><\/div><\/div>\n<\/section>","protected":false},"excerpt":{"rendered":"Ich bin eine preisgekr\u00f6nte K\u00fcnstlerin mit einer Leidenschaft f\u00fcr die Mischung von Feminismus, Kunst und Aktivismus = &#8222;Femme &#8211; Artivistin&#8222;, [...]","protected":false},"author":2,"featured_media":0,"parent":0,"menu_order":1,"comment_status":"closed","ping_status":"closed","template":"","meta":{"footnotes":""},"class_list":["post-9","page","type-page","status-publish","hentry"],"yoast_head":"<!-- This site is optimized with the Yoast SEO plugin v20.13 - https:\/\/yoast.com\/wordpress\/plugins\/seo\/ -->\n<title>Home - Apiyo<\/title>\n<meta name=\"robots\" content=\"index, follow, max-snippet:-1, max-image-preview:large, max-video-preview:-1\" \/>\n<link rel=\"canonical\" href=\"https:\/\/apiyo.ch\/en\/\" \/>\n<meta property=\"og:locale\" content=\"en_GB\" \/>\n<meta property=\"og:type\" content=\"article\" \/>\n<meta property=\"og:title\" content=\"Home - Apiyo\" \/>\n<meta property=\"og:url\" content=\"https:\/\/apiyo.ch\/en\/\" \/>\n<meta property=\"og:site_name\" content=\"Apiyo\" \/>\n<meta property=\"article:modified_time\" content=\"2022-03-30T12:57:30+00:00\" \/>\n<meta name=\"twitter:card\" content=\"summary_large_image\" \/>\n<meta name=\"twitter:label1\" content=\"Estimated reading time\" \/>\n\t<meta name=\"twitter:data1\" content=\"1 minute\" \/>\n<script type=\"application\/ld+json\" class=\"yoast-schema-graph\">{\"@context\":\"https:\/\/schema.org\",\"@graph\":[{\"@type\":\"WebPage\",\"@id\":\"https:\/\/apiyo.ch\/\",\"url\":\"https:\/\/apiyo.ch\/\",\"name\":\"Home - Apiyo\",\"isPartOf\":{\"@id\":\"https:\/\/apiyo.ch\/#website\"},\"datePublished\":\"2022-02-25T07:06:42+00:00\",\"dateModified\":\"2022-03-30T12:57:30+00:00\",\"breadcrumb\":{\"@id\":\"https:\/\/apiyo.ch\/#breadcrumb\"},\"inLanguage\":\"en-GB\",\"potentialAction\":[{\"@type\":\"ReadAction\",\"target\":[\"https:\/\/apiyo.ch\/\"]}]},{\"@type\":\"BreadcrumbList\",\"@id\":\"https:\/\/apiyo.ch\/#breadcrumb\",\"itemListElement\":[{\"@type\":\"ListItem\",\"position\":1,\"name\":\"Startseite\",\"item\":\"https:\/\/apiyo.ch\/\"},{\"@type\":\"ListItem\",\"position\":2,\"name\":\"Home\"}]},{\"@type\":\"WebSite\",\"@id\":\"https:\/\/apiyo.ch\/#website\",\"url\":\"https:\/\/apiyo.ch\/\",\"name\":\"Apiyo\",\"description\":\"Apiyo Amolo\",\"potentialAction\":[{\"@type\":\"SearchAction\",\"target\":{\"@type\":\"EntryPoint\",\"urlTemplate\":\"https:\/\/apiyo.ch\/?s={search_term_string}\"},\"query-input\":\"required name=search_term_string\"}],\"inLanguage\":\"en-GB\"}]}<\/script>\n<!-- \/ Yoast SEO plugin. -->","yoast_head_json":{"title":"Home - Apiyo","robots":{"index":"index","follow":"follow","max-snippet":"max-snippet:-1","max-image-preview":"max-image-preview:large","max-video-preview":"max-video-preview:-1"},"canonical":"https:\/\/apiyo.ch\/en\/","og_locale":"en_GB","og_type":"article","og_title":"Home - Apiyo","og_url":"https:\/\/apiyo.ch\/en\/","og_site_name":"Apiyo","article_modified_time":"2022-03-30T12:57:30+00:00","twitter_card":"summary_large_image","twitter_misc":{"Estimated reading time":"1 minute"},"schema":{"@context":"https:\/\/schema.org","@graph":[{"@type":"WebPage","@id":"https:\/\/apiyo.ch\/","url":"https:\/\/apiyo.ch\/","name":"Home - Apiyo","isPartOf":{"@id":"https:\/\/apiyo.ch\/#website"},"datePublished":"2022-02-25T07:06:42+00:00","dateModified":"2022-03-30T12:57:30+00:00","breadcrumb":{"@id":"https:\/\/apiyo.ch\/#breadcrumb"},"inLanguage":"en-GB","potentialAction":[{"@type":"ReadAction","target":["https:\/\/apiyo.ch\/"]}]},{"@type":"BreadcrumbList","@id":"https:\/\/apiyo.ch\/#breadcrumb","itemListElement":[{"@type":"ListItem","position":1,"name":"Startseite","item":"https:\/\/apiyo.ch\/"},{"@type":"ListItem","position":2,"name":"Home"}]},{"@type":"WebSite","@id":"https:\/\/apiyo.ch\/#website","url":"https:\/\/apiyo.ch\/","name":"Apiyo","description":"Apiyo Amolo","potentialAction":[{"@type":"SearchAction","target":{"@type":"EntryPoint","urlTemplate":"https:\/\/apiyo.ch\/?s={search_term_string}"},"query-input":"required name=search_term_string"}],"inLanguage":"en-GB"}]}},"_links":{"self":[{"href":"https:\/\/apiyo.ch\/en\/wp-json\/wp\/v2\/pages\/9","targetHints":{"allow":["GET"]}}],"collection":[{"href":"https:\/\/apiyo.ch\/en\/wp-json\/wp\/v2\/pages"}],"about":[{"href":"https:\/\/apiyo.ch\/en\/wp-json\/wp\/v2\/types\/page"}],"author":[{"embeddable":true,"href":"https:\/\/apiyo.ch\/en\/wp-json\/wp\/v2\/users\/2"}],"replies":[{"embeddable":true,"href":"https:\/\/apiyo.ch\/en\/wp-json\/wp\/v2\/comments?post=9"}],"version-history":[{"count":25,"href":"https:\/\/apiyo.ch\/en\/wp-json\/wp\/v2\/pages\/9\/revisions"}],"predecessor-version":[{"id":443,"href":"https:\/\/apiyo.ch\/en\/wp-json\/wp\/v2\/pages\/9\/revisions\/443"}],"wp:attachment":[{"href":"https:\/\/apiyo.ch\/en\/wp-json\/wp\/v2\/media?parent=9"}],"curies":[{"name":"wp","href":"https:\/\/api.w.org\/{rel}","templated":true}]}}